{"id":3293,"date":"2020-12-11T15:20:44","date_gmt":"2020-12-11T14:20:44","guid":{"rendered":"https:\/\/boutique.ohmybrunch.fr\/?post_type=product&#038;p=3293"},"modified":"2023-04-03T10:48:26","modified_gmt":"2023-04-03T08:48:26","slug":"plateau-apero-12-pieces-pers","status":"publish","type":"product","link":"https:\/\/www.rennes.ohmybrunch.fr\/?product=plateau-apero-12-pieces-pers","title":{"rendered":"Plateaux \u00ab\u00a0Cocktail de fin d&rsquo;ann\u00e9e\u00a0\u00bb <br> 12 pi\u00e8ces\/pers"},"content":{"rendered":"<blockquote><p><strong>Produit disponible \u00e0 partir de 10 personnes\u00a0<\/strong><\/p><\/blockquote>\n<h2>Vos Pi\u00e8ces Sal\u00e9es :<\/h2>\n<ul>\n<li>Mini burger magret fum\u00e9, Ste Maure de Touraine, radis noir et tomatade<\/li>\n<li>Mini burger thon fum\u00e9, cr\u00e8me d\u2019estragon basilic et granny Smith<\/li>\n<li>Muffin spiruline, baies roses et rouelle de saint jacques<\/li>\n<li>Farfalle de radis noir, truite fum\u00e9e et patate douce<\/li>\n<li>Wrap saumon fum\u00e9, concombre et cream cheese<\/li>\n<li>Tartelette butternut, ch\u00e2taignes et noisettes torr\u00e9fi\u00e9es<\/li>\n<li>Finger Comt\u00e9 affin\u00e9, jambon Serrano et gel\u00e9e de coing<\/li>\n<li>Goug\u00e8re de gambas au curry, cl\u00e9mentine et brocamole<\/li>\n<li>Sabl\u00e9 aux champignons, mousseline de potimarron, \u00e9noki<\/li>\n<\/ul>\n<h2>Vos Pi\u00e8ces Sucr\u00e9es :<\/h2>\n<ul>\n<li>Buche de No\u00ebl chocolat, f\u00e8ve de Tonka et caramel<\/li>\n<li>Tartelette passion et ganache au chocolat \u00abValrhona\u00bb<\/li>\n<li>Savarin mandarine imp\u00e9riale, chantilly vanille BIO de Madagascar<\/li>\n<\/ul>\n<p>Toutes les pi\u00e8ces de votre cocktail sont \u00ab\u00a0fait maison\u00a0\u00bb et \u00e9labor\u00e9es avec des produits frais\/de saison.<\/p>\n<p><strong>Tarif : 20.90\u20ac TTC \/personne<\/strong><\/p>\n","protected":false},"excerpt":{"rendered":"<p>Envie d\u2019une prestation originale et gourmande pour vos f\u00eates de fin d&rsquo;ann\u00e9e ? Nous vous proposons maintenant nos assortiments de [&#8230;]<\/p>\n","protected":false},"featured_media":6947,"template":"","meta":{"_mi_skip_tracking":false},"_links":{"self":[{"href":"https:\/\/www.rennes.ohmybrunch.fr\/index.php?rest_route=\/wp\/v2\/product\/3293"}],"collection":[{"href":"https:\/\/www.rennes.ohmybrunch.fr\/index.php?rest_route=\/wp\/v2\/product"}],"about":[{"href":"https:\/\/www.rennes.ohmybrunch.fr\/index.php?rest_route=\/wp\/v2\/types\/product"}],"wp:featuredmedia":[{"embeddable":true,"href":"https:\/\/www.rennes.ohmybrunch.fr\/index.php?rest_route=\/wp\/v2\/media\/6947"}],"wp:attachment":[{"href":"https:\/\/www.rennes.ohmybrunch.fr\/index.php?rest_route=%2Fwp%2Fv2%2Fmedia&parent=3293"}],"curies":[{"name":"wp","href":"https:\/\/api.w.org\/{rel}","templated":true}]}}